{"id":965,"date":"2025-02-10T14:30:34","date_gmt":"2025-02-10T19:30:34","guid":{"rendered":"https:\/\/valleverde.new\/privacy\/"},"modified":"2026-01-12T06:59:09","modified_gmt":"2026-01-12T11:59:09","slug":"privacy","status":"publish","type":"page","link":"https:\/\/valleverdefarms.com\/es\/privacy\/","title":{"rendered":"Privacy"},"content":{"rendered":"\t\t<div data-elementor-type=\"wp-page\" data-elementor-id=\"965\" class=\"elementor elementor-965 elementor-960\">\n\t\t\t\t<div class=\"elementor-element elementor-element-2c384af e-flex e-con-boxed e-con e-parent\" data-id=\"2c384af\" data-element_type=\"container\">\n\t\t\t\t\t<div class=\"e-con-inner\">\n\t\t\t\t<div class=\"elementor-element elementor-element-8757fdf elementor-widget elementor-widget-text-editor\" data-id=\"8757fdf\" data-element_type=\"widget\" data-widget_type=\"text-editor.default\">\n\t\t\t\t<div class=\"elementor-widget-container\">\n\t\t\t\t\t\t\t\t\t<h1>PRIVACIDAD \/ COOKIES<\/h1><div><p><strong>POLITICA DE COOKIES<\/strong><\/p><p><strong style=\"font-size: inherit; font-family: -apple-system, system-ui, BlinkMacSystemFont, 'Segoe UI', Helvetica, Arial, sans-serif, 'Apple Color Emoji', 'Segoe UI Emoji', 'Segoe UI Symbol';\">VALLEVERDE FARMS., SOLPACIFIC S.A., FOXYROSES ECUADOR S.A., VALLEVERDE AGRO FARMS S.A.S.,<\/strong><span style=\"font-size: inherit; font-family: -apple-system, system-ui, BlinkMacSystemFont, 'Segoe UI', Helvetica, Arial, sans-serif, 'Apple Color Emoji', 'Segoe UI Emoji', 'Segoe UI Symbol';\"> cumple con informar que utilizamos cookies para garantizar el funcionamiento de nuestra p\u00e1gina (en adelante, la \u201cP\u00e1gina Web\u201d), as\u00ed como <\/span>para mejorar su calidad y contenidos a trav\u00e9s del an\u00e1lisis de los h\u00e1bitos de navegaci\u00f3n de los usuarios, proporcion\u00e1ndoles una excelente experiencia de navegaci\u00f3n.<\/p><p>En la presente Pol\u00edtica de Cookies, le explicamos qu\u00e9 son las cookies, qu\u00e9 tipos de cookies utilizamos y con qu\u00e9 finalidad lo hacemos. Adem\u00e1s, le explicamos c\u00f3mo puede configurarlas o desactivarlas si as\u00ed lo desea.<\/p><p><strong>\u00bfQu\u00e9 son las cookies?<\/strong><\/p><p>Las cookies son peque\u00f1os archivos de texto que los sitios web almacenan en su computadora, celular inteligente (Smartphone), Tablet o cualquier otro dispositivo de acceso a Internet, a fin de recopilar cierta informaci\u00f3n sobre su experiencia de<br \/>navegaci\u00f3n y sobre sus preferencias. Las cookies no pueden da\u00f1ar su dispositivo y adem\u00e1s son muy \u00fatiles, puesto que nos ayudan a identificar y resolver errores.<\/p><p><strong>\u00bfQu\u00e9 tipo de cookies utilizamos y para qu\u00e9 finalidades?<\/strong><\/p><p>La P\u00e1gina Web utiliza cookies propias, \u00fanicamente para finalidades necesarias, con el objeto de que la P\u00e1gina Web funcione y no se pueda desactivar en nuestros sistemas. Usualmente est\u00e1n configuradas para responder a acciones hechas por usted<br \/>para recibir servicios, tales como ajustar sus preferencias de privacidad, iniciar sesi\u00f3n en el sitio, o llenar formularios. Usted puede configurar su navegador para bloquear o alertar la presencia de estas cookies, pero algunas partes de la<br \/>P\u00e1gina Web no funcionar\u00e1n. Estas cookies no guardan ninguna informaci\u00f3n personal que lo identifique o lo haga identificable.<\/p><p>En el supuesto que en la P\u00e1gina Web se coloquen enlaces o hiperv\u00ednculos que lo redireccione a otros lugares de Internet, que son de propiedad de terceros que utilicen cookies, <strong>VALLEVERDE FARMS., SOLPACIFIC S.A., FOXYROSES ECUADOR S.A.,<br \/>VALLEVERDE AGRO FARMS S.A.S. <\/strong>no se hace responsable del uso de cookies por parte de dichos terceros.<\/p><p>A continuaci\u00f3n, detallamos las caracter\u00edsticas de cada una de las cookies que utilizamos:<\/p><ol start=\"1\"><li><strong> Cookies de Sesi\u00f3n:<\/strong> \u25e6 Estas cookies son temporales y se eliminan autom\u00e1ticamente cuando cierras el navegador. Suelen utilizarse para mantener la sesi\u00f3n del usuario activa y guardar temporalmente informaci\u00f3n como los \u00edtems en el carrito de compras.<\/li><li><strong> Cookies Persistentes:<\/strong> \u25e6 Estas cookies permanecen en el dispositivo del usuario incluso despu\u00e9s de cerrar el navegador, hasta que se eliminan manualmente o expiran. Se utilizan para recordar las preferencias del usuario, como el idioma seleccionado o las credenciales de inicio de sesi\u00f3n.<\/li><li><strong> Cookies de Terceros:<\/strong> \u25e6 Las cookies de terceros son creadas por dominios diferentes al que est\u00e1 visitando el usuario. Se utilizan com\u00fanmente para rastrear el comportamiento del usuario a trav\u00e9s de diferentes sitios web y personalizar la publicidad.<\/li><li><strong> Cookies de Rendimiento y An\u00e1lisis:<\/strong> \u25e6 Estas cookies recopilan informaci\u00f3n sobre c\u00f3mo los usuarios interact\u00faan con un sitio web, como las p\u00e1ginas que visitan y el tiempo que pasan en el sitio. Los datos recopilados se utilizan para mejorar el rendimiento del sitio web y optimizar la experiencia del usuario.<\/li><li><strong> Cookies de Funcionalidad:<\/strong> \u25e6 Permiten que un sitio web recuerde las elecciones que el usuario ha hecho, como su nombre de usuario, idioma o regi\u00f3n, y proporciona caracter\u00edsticas mejoradas y personalizadas.<\/li><li><strong> Cookies de Publicidad y Segmentaci\u00f3n:<\/strong> \u25e6 Estas cookies se utilizan para mostrar anuncios relevantes y personalizados a los usuarios, y para limitar la cantidad de veces que se muestra un anuncio. Tambi\u00e9n ayudan a medir la eficacia de las campa\u00f1as publicitarias.<\/li><li><strong> Cookies de Seguridad:<\/strong> \u25e6 Ayudan a identificar y prevenir posibles riesgos de seguridad. Por ejemplo, pueden ser utilizadas para autenticar a los usuarios y proteger los datos del usuario de acceso no autorizado.<\/li><li><strong> Cookies de Preferencias:<\/strong> \u25e6 Estas cookies permiten a los sitios web recordar informaci\u00f3n que cambia la forma en que se comporta o se ve el sitio, como su idioma preferido o la regi\u00f3n en la que se encuentra.<\/li><\/ol><p><strong>Restricci\u00f3n del uso de Cookies<\/strong><\/p><p>La mayor\u00eda de los navegadores aceptan las cookies de forma autom\u00e1tica, pero le permiten al Usuario cambiar la configuraci\u00f3n de su navegador para que rechace la instalaci\u00f3n de cookies, sin embargo, ello podr\u00eda perjudicar su acceso y navegaci\u00f3n<br \/>toda vez que \u00fanicamente utilizamos cookies necesarias para el funcionamiento de la P\u00e1gina Web.<\/p><p>Puede usted permitir, bloquear o eliminar las cookies instaladas en su equipo mediante la configuraci\u00f3n de las opciones del navegador instalado en su equipo. A continuaci\u00f3n, le brindamos informaci\u00f3n sobre los navegadores m\u00e1s comunes:<\/p><p><em>Chrome: https:\/\/support.google.com\/chrome\/bin\/answer.py?hl=es&amp;answer=95647<\/em><\/p><p><em>Safari: https:\/\/www.apple.com\/es\/privacy\/use-of-cookies\/<\/em><\/p><p><em>Mozilla Firefox: https:\/\/support.mozilla.org\/es\/kb\/impedir-que-los-sitios-web-guarden-sus-preferencia<\/em><\/p><p><em>Opera: https:\/\/help.opera.com\/Windows\/11.50\/es-ES\/cookies.html<\/em><\/p><p><em>Internet Explorer: https:\/\/windows.microsoft.com\/es-es\/windows-vista\/block-or-allow-cookies\u00a0<\/em><\/p><p><em>Microsoft Edge: https:\/\/support.microsoft.com\/es-es\/topic\/ver-las-cookies-en-microsoft-edge-a7d95376-f2cd-8e4a-25dc-1de753474879<\/em><\/p><p>Sin embargo, se advierte que el uso de las cookies nos permite darle una mejor experiencia en nuestros servicios. En caso de realizar modificaciones en la configuraci\u00f3n de las cookies, es posible que su experiencia de navegaci\u00f3n no sea \u00f3ptima.<\/p><p><strong>Informaci\u00f3n adicional<\/strong><\/p><p>Puede consultar informaci\u00f3n adicional sobre el tratamiento de su informaci\u00f3n en el Aviso de Pol\u00edtica de Privacidad que encontrar\u00e1 disponible en nuestra P\u00e1gina Web, y que le invitamos a consultar. Asimismo, podr\u00e1 ejercer los derechos que le<br \/>confiere el marco legal de protecci\u00f3n de datos personales a trav\u00e9s del siguiente correo electr\u00f3nico: <a href=\"mailto:lopdp@valleverdefarms.com\">lopdp@valleverdefarms.com<\/a><\/p><\/div><p><strong>Cl\u00e1usula de Consentimiento para Finalidades Adicionales<\/strong><\/p><p><strong>AUTORIZACI\u00d3N PARA EL TRATAMIENTO DE DATOS PERSONALES CON FINES COMERCIALES Y PUBLICITARIOS<\/strong><\/p><p>De conformidad con lo dispuesto en la <strong>Ley Org\u00e1nica de Protecci\u00f3n de Datos Personales (LOPDP)<\/strong>, al marcar la casilla de aceptaci\u00f3n y remitir su informaci\u00f3n a trav\u00e9s del bot\u00f3n <strong>\u201cENVIAR MENSAJE\u201d<\/strong>, usted, en calidad de<br \/><strong>Titular de los datos<\/strong>, otorga su consentimiento libre, espec\u00edfico, informado e inequ\u00edvoco a las sociedades: <strong>VALLEVERDE FARMS, SOLPACIFIC S.A., FOXYROSES ECUADOR S.A., y VALLEVERDE AGRO FARMS S.A.S.<\/strong> (en adelante, los<br \/>\u00abResponsables\u00bb), para que realicen el tratamiento de sus datos personales bajo las siguientes condiciones:<\/p><ol><li><strong>Finalidades:<\/strong> Sus datos podr\u00e1n ser tratados para el env\u00edo de comunicaciones comerciales, publicidad, promociones, ofertas, cat\u00e1logos de productos, boletines informativos y prospecci\u00f3n comercial relacionada con los servicios y<br \/>productos de los Responsables.<\/li><li><strong>Canales de Comunicaci\u00f3n:<\/strong> Los Responsables podr\u00e1n contactarlo a trav\u00e9s de llamadas telef\u00f3nicas, mensajes de texto (SMS), aplicaciones de mensajer\u00eda instant\u00e1nea, correos electr\u00f3nicos o cualquier otro medio de comunicaci\u00f3n<br \/>electr\u00f3nica o f\u00edsica equivalente.<\/li><li><strong>Transferencia y Comunicaci\u00f3n:<\/strong> Se informa al Titular que sus datos podr\u00e1n ser compartidos entre las empresas del grupo mencionadas anteriormente para las mismas finalidades aqu\u00ed autorizadas, garantizando siempre las medidas de<br \/>seguridad t\u00e9cnicas y organizativas adecuadas.<\/li><li><strong>Voluntariedad:<\/strong> El tratamiento para estas finalidades adicionales es <strong>facultativo<\/strong>. La negativa para otorgar este consentimiento, o su posterior revocatoria, no condicionar\u00e1, afectar\u00e1, ni impedir\u00e1 el acceso y<br \/>uso de las funcionalidades principales del Sitio Web o la gesti\u00f3n de su consulta principal.<\/li><li><strong>Ejercicio de Derechos:<\/strong> Usted podr\u00e1 ejercer en cualquier momento sus derechos de <strong>acceso, eliminaci\u00f3n, rectificaci\u00f3n, actualizaci\u00f3n, oposici\u00f3n y anulaci\u00f3n<\/strong> del consentimiento, mediante comunicaci\u00f3n dirigida al<br \/>correo electr\u00f3nico: <strong>lopdp@valleverdefarms.com<\/strong>.<\/li><\/ol>\t\t\t\t\t\t\t\t<\/div>\n\t\t\t\t<\/div>\n\t\t\t\t\t<\/div>\n\t\t\t\t<\/div>\n\t\t\t\t<\/div>\n\t\t","protected":false},"excerpt":{"rendered":"<p>PRIVACIDAD \/ COOKIES POLITICA DE COOKIES VALLEVERDE FARMS., SOLPACIFIC S.A., FOXYROSES ECUADOR S.A., VALLEVERDE AGRO FARMS S.A.S., cumple con informar que utilizamos cookies para garantizar el funcionamiento de nuestra p\u00e1gina (en adelante, la \u201cP\u00e1gina Web\u201d), as\u00ed como para mejorar su calidad y contenidos a trav\u00e9s del an\u00e1lisis de los h\u00e1bitos de navegaci\u00f3n de los usuarios, &#8230; <a title=\"Privacy\" class=\"read-more\" href=\"https:\/\/valleverdefarms.com\/es\/privacy\/\" aria-label=\"Leer m\u00e1s sobre Privacy\">Leer m\u00e1s<\/a><\/p>\n","protected":false},"author":1,"featured_media":0,"parent":0,"menu_order":0,"comment_status":"closed","ping_status":"closed","template":"","meta":{"footnotes":""},"class_list":["post-965","page","type-page","status-publish"],"_links":{"self":[{"href":"https:\/\/valleverdefarms.com\/es\/wp-json\/wp\/v2\/pages\/965","targetHints":{"allow":["GET"]}}],"collection":[{"href":"https:\/\/valleverdefarms.com\/es\/wp-json\/wp\/v2\/pages"}],"about":[{"href":"https:\/\/valleverdefarms.com\/es\/wp-json\/wp\/v2\/types\/page"}],"author":[{"embeddable":true,"href":"https:\/\/valleverdefarms.com\/es\/wp-json\/wp\/v2\/users\/1"}],"replies":[{"embeddable":true,"href":"https:\/\/valleverdefarms.com\/es\/wp-json\/wp\/v2\/comments?post=965"}],"version-history":[{"count":12,"href":"https:\/\/valleverdefarms.com\/es\/wp-json\/wp\/v2\/pages\/965\/revisions"}],"predecessor-version":[{"id":3350,"href":"https:\/\/valleverdefarms.com\/es\/wp-json\/wp\/v2\/pages\/965\/revisions\/3350"}],"wp:attachment":[{"href":"https:\/\/valleverdefarms.com\/es\/wp-json\/wp\/v2\/media?parent=965"}],"curies":[{"name":"wp","href":"https:\/\/api.w.org\/{rel}","templated":true}]}}