{"id":994,"date":"2025-02-11T10:27:39","date_gmt":"2025-02-11T15:27:39","guid":{"rendered":"https:\/\/valleverde.new\/contacto\/"},"modified":"2026-01-13T07:39:52","modified_gmt":"2026-01-13T12:39:52","slug":"contacto","status":"publish","type":"page","link":"https:\/\/valleverdefarms.com\/es\/contacto\/","title":{"rendered":"Contacto"},"content":{"rendered":"\t\t<div data-elementor-type=\"wp-page\" data-elementor-id=\"994\" class=\"elementor elementor-994 elementor-969\">\n\t\t\t\t<div class=\"elementor-element elementor-element-435df31 form-section e-flex e-con-boxed e-con e-parent\" data-id=\"435df31\" data-element_type=\"container\">\n\t\t\t\t\t<div class=\"e-con-inner\">\n\t\t\t\t<div class=\"elementor-element elementor-element-db180e3 elementor-widget elementor-widget-html\" data-id=\"db180e3\" data-element_type=\"widget\" data-widget_type=\"html.default\">\n\t\t\t\t<div class=\"elementor-widget-container\">\n\t\t\t\t\t<div\r\n\tclass=\"wrap mcb-wrap mcb-wrap-60w9tiaqk one tablet-one laptop-one mobile-one flower2-wrapradius valign-top clearfix\"\r\n\tdata-desktop-col=\"one\"\r\n\tdata-laptop-col=\"laptop-one\"\r\n\tdata-tablet-col=\"tablet-one\"\r\n\tdata-mobile-col=\"mobile-one\">\r\n\t<div class=\"mcb-wrap-inner mcb-wrap-inner-60w9tiaqk mfn-module-wrapper mfn-wrapper-for-wraps\">\r\n\t\t\t<div class=\"column-form mcb-column mcb-item-sjhmjdepa one-second laptop-one-second tablet-one-second mobile-one column_column\" style=\"\">\r\n\t\t\t<div class=\"mcb-column-inner mfn-module-wrapper mcb-column-inner-sjhmjdepa mcb-item-column-inner\">\r\n\t\t\t\t<div class=\"column_attr mfn-inline-editor clearfix mobile_align_center\" style=\"padding: 15px 5% 0 0\">\r\n\t\t\t\t    <h3>Env\u00edanos un mensaje<\/h3>\r\n\t\t\t\t\t\n<div class=\"wpcf7 no-js\" id=\"wpcf7-f1001-o1\" lang=\"es-ES\" dir=\"ltr\" data-wpcf7-id=\"1001\">\n<div class=\"screen-reader-response\"><p role=\"status\" aria-live=\"polite\" aria-atomic=\"true\"><\/p> <ul><\/ul><\/div>\n<form action=\"\/es\/wp-json\/wp\/v2\/pages\/994#wpcf7-f1001-o1\" method=\"post\" class=\"wpcf7-form init\" aria-label=\"Formulario de contacto\" novalidate=\"novalidate\" data-status=\"init\">\n<fieldset class=\"hidden-fields-container\"><input type=\"hidden\" name=\"_wpcf7\" value=\"1001\" \/><input type=\"hidden\" name=\"_wpcf7_version\" value=\"6.1.4\" \/><input type=\"hidden\" name=\"_wpcf7_locale\" value=\"es_ES\" \/><input type=\"hidden\" name=\"_wpcf7_unit_tag\" value=\"wpcf7-f1001-o1\" \/><input type=\"hidden\" name=\"_wpcf7_container_post\" value=\"0\" \/><input type=\"hidden\" name=\"_wpcf7_posted_data_hash\" value=\"\" \/>\n<\/fieldset>\n<div class=\"column one\">\n\t<p><span class=\"wpcf7-form-control-wrap\" data-name=\"request-product\"><input size=\"40\" maxlength=\"400\" class=\"wpcf7-form-control wpcf7-text\" aria-invalid=\"false\" placeholder=\"Producto de inter\u00e9s\" value=\"\" type=\"text\" name=\"request-product\" \/><\/span>\n\t<\/p>\n<\/div>\n<div class=\"column one\">\n\t<p><span class=\"wpcf7-form-control-wrap\" data-name=\"your-name\"><input size=\"40\" maxlength=\"400\" class=\"wpcf7-form-control wpcf7-text wpcf7-validates-as-required\" aria-required=\"true\" aria-invalid=\"false\" placeholder=\"Nombre\" value=\"\" type=\"text\" name=\"your-name\" \/><\/span>\n\t<\/p>\n<\/div>\n<div class=\"column one\">\n\t<p><span class=\"wpcf7-form-control-wrap\" data-name=\"your-email\"><input size=\"40\" maxlength=\"400\" class=\"wpcf7-form-control wpcf7-email wpcf7-validates-as-required wpcf7-text wpcf7-validates-as-email\" aria-required=\"true\" aria-invalid=\"false\" placeholder=\"Correo electr\u00f3nico\" value=\"\" type=\"email\" name=\"your-email\" \/><\/span>\n\t<\/p>\n<\/div>\n<div class=\"column one\">\n\t<p><span class=\"wpcf7-form-control-wrap\" data-name=\"your-phone\"><input size=\"40\" maxlength=\"400\" class=\"wpcf7-form-control wpcf7-tel wpcf7-text wpcf7-validates-as-tel\" aria-invalid=\"false\" placeholder=\"Tel\u00e9fono\" value=\"\" type=\"tel\" name=\"your-phone\" \/><\/span>\n\t<\/p>\n<\/div>\n<div class=\"column one\">\n\t<p><span class=\"wpcf7-form-control-wrap\" data-name=\"your-message\"><textarea cols=\"40\" rows=\"10\" maxlength=\"2000\" class=\"wpcf7-form-control wpcf7-textarea\" aria-invalid=\"false\" placeholder=\"Mensaje\" name=\"your-message\"><\/textarea><\/span>\n\t<\/p>\n<\/div>\n<div class=\"column one privacy\">\n\t<p><span class=\"wpcf7-form-control-wrap\" data-name=\"acceptance-745\"><span class=\"wpcf7-form-control wpcf7-acceptance\"><span class=\"wpcf7-list-item\"><label><input type=\"checkbox\" name=\"acceptance-745\" value=\"1\" aria-invalid=\"false\" \/><span class=\"wpcf7-list-item-label\">He le\u00eddo y acepto la <a href=\"\/privacy\" target=\"_blank\">pol\u00edtica de privacidad.<\/a><\/span><\/label><\/span><\/span><\/span>\n\t<\/p>\n<\/div>\n<div class=\"column one\">\n\t<p><div class=\"cf7-cf-turnstile\" style=\"margin-top: 0px; margin-bottom: -15px;\"> <div id=\"cf-turnstile-cf7-1105098621\" class=\"cf-turnstile\" data-sitekey=\"0x4AAAAAACMAyP1ENpNlAtI0\" data-theme=\"light\" data-language=\"auto\" data-size=\"normal\" data-retry=\"auto\" data-retry-interval=\"1000\" data-refresh-expired=\"auto\" data-action=\"contact-form-7\" data-appearance=\"always\"><\/div> <script>document.addEventListener(\"DOMContentLoaded\", function() { setTimeout(function(){ var e=document.getElementById(\"cf-turnstile-cf7-1105098621\"); e&&!e.innerHTML.trim()&&(turnstile.remove(\"#cf-turnstile-cf7-1105098621\"), turnstile.render(\"#cf-turnstile-cf7-1105098621\", {sitekey:\"0x4AAAAAACMAyP1ENpNlAtI0\"})); }, 100); });<\/script> <br class=\"cf-turnstile-br cf-turnstile-br-cf7-1105098621\"> <style>#cf-turnstile-cf7-1105098621 { margin-left: -15px; }<\/style> <script>document.addEventListener(\"DOMContentLoaded\",function(){document.querySelectorAll('.wpcf7-form').forEach(function(e){e.addEventListener('submit',function(){if(document.getElementById('cf-turnstile-cf7-1105098621')){setTimeout(function(){turnstile.reset('#cf-turnstile-cf7-1105098621');},1000)}})})});<\/script> <\/div><br\/><input class=\"wpcf7-form-control wpcf7-submit has-spinner button_full_width\" type=\"submit\" value=\"ENVIAR UN MENSAJE\" \/>\n\t<\/p>\n<\/div><div class=\"wpcf7-response-output\" aria-hidden=\"true\"><\/div>\n<\/form>\n<\/div>\n\r\n\t\t\t\t<\/div>\r\n\t\t\t<\/div>\r\n\t\t<\/div>\r\n\t\t<div class=\"column-img desktop mcb-column mcb-item-zo6mqx6ki one-second laptop-one-second tablet-one-second mobile-one column_image\" style=\"\">\r\n\t\t\t<div class=\"mcb-column-inner mfn-module-wrapper mcb-column-inner-zo6mqx6ki mcb-item-image-inner\">\r\n\t\t\t\t<div class=\"image_frame image_item no_link scale-with-grid aligncenter no_border\">\r\n\t\t\t\t\t<div class=\"image_wrapper\">\r\n\t\t\t\t\t\t<img decoding=\"async\" class=\"scale-with-grid\" src=\"\/wp-content\/uploads\/2025\/12\/CONTACT-photo-new-4-2-1.png\" alt=\"Contact\" title=\"\" width=\"\" height=\"\" style=\"\" \/>\r\n\t\t\t\t\t<\/div>\r\n\t\t\t\t<\/div>\r\n\t\t\t<\/div>\r\n\t\t<\/div>\r\n\t<\/div>\r\n<\/div>\r\n<div class=\"team-image mobile\"><img decoding=\"async\" src=\"\/wp-content\/uploads\/2026\/01\/valleverdefarms-contact-mobile.jpg\" title=\"Nuestro equipo\"><\/div>\r\n<div class=\"phone-mail-address\">\r\n    <div class=\"call-us\">\r\n        <h4>LL\u00c1MANOS<\/h4>\r\n        <a href=\"tel:+59322442772\">\r\n        +593 2 244 2772<\/a><\/div>\r\n    <div class=\"mail-us\">\r\n        <h4>ENV\u00cdANOS UN CORREO ELECTR\u00d3NICO<\/h4>\r\n        <a href=\"mailto:sales@valleverdefarms.com\">sales@valleverdefarms.com<\/a><\/div>\r\n    <div class=\"address\">\r\n        <h4>NUESTRA DIRECCI\u00d3N<\/h4>\r\n        <p>Valleverdefarms S.A.S<br>\r\nRusia E9 94<br>\r\nQuito 170135<br>\r\nEcuador<\/p><\/div>\r\n<\/div>\r\n\t\t\t\t<\/div>\n\t\t\t\t<\/div>\n\t\t\t\t\t<\/div>\n\t\t\t\t<\/div>\n\t\t<div class=\"elementor-element elementor-element-c7bb527 map-section e-flex e-con-boxed e-con e-parent\" data-id=\"c7bb527\" data-element_type=\"container\">\n\t\t\t\t\t<div class=\"e-con-inner\">\n\t\t\t\t<div class=\"elementor-element elementor-element-8dec52d elementor-widget elementor-widget-google_maps\" data-id=\"8dec52d\" data-element_type=\"widget\" data-widget_type=\"google_maps.default\">\n\t\t\t\t<div class=\"elementor-widget-container\">\n\t\t\t\t\t\t\t<div class=\"elementor-custom-embed\">\n\t\t\t<iframe loading=\"lazy\"\n\t\t\t\t\tsrc=\"https:\/\/maps.google.com\/maps?q=Valle%20Verde%20Roses&#038;t=m&#038;z=13&#038;output=embed&#038;iwloc=near\"\n\t\t\t\t\ttitle=\"Valle Verde Roses\"\n\t\t\t\t\taria-label=\"Valle Verde Roses\"\n\t\t\t><\/iframe>\n\t\t<\/div>\n\t\t\t\t\t\t<\/div>\n\t\t\t\t<\/div>\n\t\t\t\t\t<\/div>\n\t\t\t\t<\/div>\n\t\t\t\t<\/div>\n\t\t","protected":false},"excerpt":{"rendered":"<p>Env\u00edanos un mensaje LL\u00c1MANOS +593 2 244 2772 ENV\u00cdANOS UN CORREO ELECTR\u00d3NICO sales@valleverdefarms.com NUESTRA DIRECCI\u00d3N Valleverdefarms S.A.S Rusia E9 94 Quito 170135 Ecuador<\/p>\n","protected":false},"author":1,"featured_media":0,"parent":0,"menu_order":0,"comment_status":"closed","ping_status":"closed","template":"","meta":{"footnotes":""},"class_list":["post-994","page","type-page","status-publish"],"_links":{"self":[{"href":"https:\/\/valleverdefarms.com\/es\/wp-json\/wp\/v2\/pages\/994","targetHints":{"allow":["GET"]}}],"collection":[{"href":"https:\/\/valleverdefarms.com\/es\/wp-json\/wp\/v2\/pages"}],"about":[{"href":"https:\/\/valleverdefarms.com\/es\/wp-json\/wp\/v2\/types\/page"}],"author":[{"embeddable":true,"href":"https:\/\/valleverdefarms.com\/es\/wp-json\/wp\/v2\/users\/1"}],"replies":[{"embeddable":true,"href":"https:\/\/valleverdefarms.com\/es\/wp-json\/wp\/v2\/comments?post=994"}],"version-history":[{"count":18,"href":"https:\/\/valleverdefarms.com\/es\/wp-json\/wp\/v2\/pages\/994\/revisions"}],"predecessor-version":[{"id":3385,"href":"https:\/\/valleverdefarms.com\/es\/wp-json\/wp\/v2\/pages\/994\/revisions\/3385"}],"wp:attachment":[{"href":"https:\/\/valleverdefarms.com\/es\/wp-json\/wp\/v2\/media?parent=994"}],"curies":[{"name":"wp","href":"https:\/\/api.w.org\/{rel}","templated":true}]}}